{"id":895,"date":"2014-07-12T12:19:34","date_gmt":"2014-07-12T10:19:34","guid":{"rendered":"http:\/\/www.frank-wiroth.lu\/rene-wiroth\/?page_id=895"},"modified":"2021-06-10T20:51:32","modified_gmt":"2021-06-10T18:51:32","slug":"le-gaucher-au-travail","status":"publish","type":"page","link":"https:\/\/www.frank-wiroth.lu\/rene-wiroth\/ecrits\/le-gaucher-au-travail\/","title":{"rendered":"Le gaucher au travail"},"content":{"rendered":"<p>Le jeune ouvrier gaucher est occup\u00e9 \u00e0 forer des trous dans un morceau de fer. Il actionne de la main gauche l&rsquo;interrupteur de l&rsquo;\u00e9norme machine pesant trois tonnes. Avec la main droite, sa main faible, il tient le morceau de fer. Au moment, o\u00f9 la foreuse s&rsquo;introduit dans le m\u00e9tal, le morceau de fer s&rsquo;envole pour blesser son patron \u00e0 la t\u00eate. \u00c0 qui la faute, \u00e0 l&rsquo;ouvrier, qui n&rsquo;avait pas pris toutes les dispositions pour \u00e9viter cet accident, ou bien au patron qui, sachant que son collaborateur \u00e9tait gaucher \u00e0 contraint celui-ci \u00e0 utiliser cette machine fabriqu\u00e9e sp\u00e9cialement pour droitier ? Ou bien la responsabilit\u00e9 incombe au constructeur de la foreuse. L&rsquo;affaire est trait\u00e9e en justice. L&rsquo;ouvrier a \u00e9t\u00e9 rendu responsable et a perdu son poste. Comme gaucher, il n&rsquo;avait aucun soutient \u00e0 attendre. D\u00e8s sa naissance il avait et continuera \u00e0 lutter d&rsquo;abord pour s&rsquo;adapter aux machines, sa condition naturelle. Toute cr\u00e9ation productive par la main de l&rsquo;homme ne peut \u00eatre que le fruit des deux moiti\u00e9s du cerveau humain, donc l&rsquo;utilisation de l&rsquo;enti\u00e8ret\u00e9 du cerveau. Et l&rsquo;enti\u00e8ret\u00e9 du cerveau consiste en deux parties presque sym\u00e9triques. Tel est constitu\u00e9 l&rsquo;homme, mais \u00e9galement les plantes et les animaux. Toute mati\u00e8re vivante poss\u00e8de en elle un centre vital dont surgissent les \u00e9nergies n\u00e9cessaires qui permettent le d\u00e9veloppement dans toutes les directions de l&rsquo;espace.<\/p>\n<p><em>&#8211; Ren\u00e9 Wiroth<\/em><\/p>\n","protected":false},"excerpt":{"rendered":"<p>Le jeune ouvrier gaucher est occup\u00e9 \u00e0 forer des trous dans un morceau de fer. [&hellip;]<\/p>\n","protected":false},"author":1,"featured_media":0,"parent":553,"menu_order":0,"comment_status":"closed","ping_status":"closed","template":"template-full.php","meta":[],"_links":{"self":[{"href":"https:\/\/www.frank-wiroth.lu\/rene-wiroth\/wp-json\/wp\/v2\/pages\/895"}],"collection":[{"href":"https:\/\/www.frank-wiroth.lu\/rene-wiroth\/wp-json\/wp\/v2\/pages"}],"about":[{"href":"https:\/\/www.frank-wiroth.lu\/rene-wiroth\/wp-json\/wp\/v2\/types\/page"}],"author":[{"embeddable":true,"href":"https:\/\/www.frank-wiroth.lu\/rene-wiroth\/wp-json\/wp\/v2\/users\/1"}],"replies":[{"embeddable":true,"href":"https:\/\/www.frank-wiroth.lu\/rene-wiroth\/wp-json\/wp\/v2\/comments?post=895"}],"version-history":[{"count":3,"href":"https:\/\/www.frank-wiroth.lu\/rene-wiroth\/wp-json\/wp\/v2\/pages\/895\/revisions"}],"predecessor-version":[{"id":898,"href":"https:\/\/www.frank-wiroth.lu\/rene-wiroth\/wp-json\/wp\/v2\/pages\/895\/revisions\/898"}],"up":[{"embeddable":true,"href":"https:\/\/www.frank-wiroth.lu\/rene-wiroth\/wp-json\/wp\/v2\/pages\/553"}],"wp:attachment":[{"href":"https:\/\/www.frank-wiroth.lu\/rene-wiroth\/wp-json\/wp\/v2\/media?parent=895"}],"curies":[{"name":"wp","href":"https:\/\/api.w.org\/{rel}","templated":true}]}}