{"id":541,"date":"2014-01-29T11:28:40","date_gmt":"2014-01-29T10:28:40","guid":{"rendered":"http:\/\/www.frank-wiroth.lu\/rene-wiroth\/?page_id=541"},"modified":"2014-01-29T11:28:40","modified_gmt":"2014-01-29T10:28:40","slug":"le-monde-de-deux-mains","status":"publish","type":"page","link":"https:\/\/www.frank-wiroth.lu\/rene-wiroth\/le-monde-de-deux-mains\/","title":{"rendered":"Le monde de deux mains"},"content":{"rendered":"<h2>Exposition au CCRN : \u00ab Le monde de deux mains \u00bb<\/h2>\n<h3>Une approche pratique \u00e0 un probl\u00e8me philosophique<\/h3>\n<p>Dans le cadre des projets culturels 2007 a \u00e9t\u00e9 inaugur\u00e9 mercredi soir, dans les locaux de l\u2019Abbaye Neum\u00fcnster, l\u2019originale et \u00e9difiante exposition \u00ab Le monde de deux mains \u00bb, r\u00e9alis\u00e9e par l\u2019artiste luxembourgeois Ren\u00e9 Wiroth, en collaboration avec Claude Frisoni e Fran\u00e7oise Pirovalli du CCRN, avec l\u2019aide pr\u00e9cieuse de nombreux sp\u00e9cialistes en mati\u00e8re.<\/p>\n<p>Qu\u2019en dire ? Tout simplement : \u00e9tonnant ! Ni droitiers, ni gauchers ne resteront insensibles \u00e0 la probl\u00e9matique de la lat\u00e9ralit\u00e9 humaine, per\u00e7ue \u00e0 travers les si\u00e8cles. Les trois salles de l\u2019exposition, subdivis\u00e9es par th\u00e8mes (salle 1 : Le cerveau et les gauchers, salle 2 : Galerie d\u2019une main, salle 3 : Galerie de la vie. La nature et les hommes) offrent un parcours itin\u00e9rant, compos\u00e9 de 83 unit\u00e9s \u00e0 visionner, par lequel on se rend bien vite compte que, m\u00eame de nos jours, o\u00f9 les gauchers sont autoris\u00e9s \u00e0 utiliser librement leur \u00ab mauvaise main \u00bb, ils sont n\u00e9anmoins contraints \u00e0 vivre dans un monde aucunement adapt\u00e9 \u00e0 leurs besoins, entra\u00eenant d\u2019innombrables d\u00e9sagr\u00e9ments dans la vie quotidienne et laissant de n\u00e9fastes s\u00e9quelles dans le d\u00e9veloppement de la personnalit\u00e9. On conna\u00eet les ciseaux et les plumes \u00e0 encre pour gauchers, certes, mais qu\u2019en est-il des ouvre-bo\u00eete, des tire-bouchon, des portefeuilles, des r\u00e8gles, des taille-crayon, voire m\u00eame des machines industrielles et autres outils de travail ? Encore faut-il savoir les utiliser, car non seulement sont-ils empoign\u00e9s par la main gauche, mais ils sont manipul\u00e9s de fa\u00e7on anti-horaire. Surtout les enseignants doivent \u00eatre sensibilis\u00e9s \u00e0 respecter certaines petites contraintes, telles que la posture de l\u2019enfant gaucher et de sa main, face \u00e0 son cahier obligatoirement inclin\u00e9 vers la droite pour \u00e9viter la main tenue en crochet.<\/p>\n<p>Claude Frisoni a su brillamment tourner en d\u00e9rision le pauvre gaucher, adepte du diable, malhonn\u00eate et \u00e0 l\u2019apparence disgr\u00e2cieuse, refl\u00e9tant cependant les pr\u00e9jug\u00e9s qui ont toujours exist\u00e9 autour de cette \u00e9trange cr\u00e9ature : \u00abD\u2019\u00e9minents sp\u00e9cialistes ont \u00e9mis l\u2019hypoth\u00e8se que la gaucherie serait h\u00e9r\u00e9ditaire. Il serait donc judicieux d\u2019interdire les mariages entre droitiers et gauchers (\u2026), sinon les pauvres parents devront \u00e9lever un sale gosse, qui deviendra un jour John Mc Enroe. \u00bb<\/p>\n<p>Pierre-Michel Bertrand, docteur en histoire et sp\u00e9cialiste du sujet (publications : Histoire des gauchers, \u00ab Des gens \u00e0 l\u2019envers \u00bb Paris 2001 \/ Dictionnaire des gauchers, Paris 2004), a ensuite tenu une tr\u00e8s int\u00e9ressante conf\u00e9rence ayant pour titre : \u00ab De l\u2019esclanchisme \u00e0 la l\u00e9vokyn\u00e9sie : la gaucherie \u00e0 travers les \u00e2ges \u00bb, expliquant l\u2019\u00e9tymologie de ces synonymes et commentant la d\u00e9finition de \u00ab gaucher \u00bb, \u00e9crite dans certains dictionnaires : \u00ab personne qui se sert de la main gauche, au lieu de se servir de la main droite \u00bb, d\u00e9finition selon laquelle il s\u2019agit bel et bien d\u2019une anomalie. Il en a ensuite illustr\u00e9 l\u2019\u00e9volution depuis le Moyen-\u00c2ge, o\u00f9 le gaucher \u00e9tait moins p\u00e9nalis\u00e9 qu\u2019aux \u00e9poques suivantes, vu que les gens \u00e9taient analphab\u00e8tes et ce n\u2019est que par l\u2019\u00e9criture que le probl\u00e8me s\u2019est pos\u00e9 de fa\u00e7on plus \u00e9vidente. P-M Bertrand : \u00ab Le grand mod\u00e8le chr\u00e9tien discriminatoire des deux mains est le Jugement Dernier. Il est pr\u00e9vu d\u2019apr\u00e8s l\u2019Evangile de Mathieu, chapitre 25, qu\u2019\u00e0 la fin des Temps le Christ placera les brebis \u00e0 sa droite et les boucs, d\u00e9sob\u00e9issants, \u00e0 sa gauche, les envoyant au Feu Eternel. \u00bb Un partage de l\u2019humanit\u00e9 en droite et gauche, dont t\u00e9moignent, au fil des si\u00e8cles, l\u2019art, la litt\u00e9rature et l\u2019architecture.<\/p>\n<p>L\u2019exposition est ouverte jusqu\u2019au 16 mars, tous les jours de 10.00 \u00e0 18.00 heures. A rappeler la pr\u00e9sence de la psychologue Dr Johanna Barbara Sattler aujourd\u2019hui (de 14.00 \u2013 16.00 heures) et demain (de 11.30- 13.00 heures) pour conseiller parents et enseignants, et le concert du pianiste Christopher Seed demain soir \u00e0 la Salle Robert Krieps.<\/p>\n<p>Delia Pifarotti \u2013 \u00ab Tageblatt \u00bb janvier 2007<\/p>\n<div class=\"divider\"><h5><span> <\/span><\/h5><\/div>\n<h2>LE MONDE DE DEUX MAINS<\/h2>\n<h3>-Commissaire de l\u2019exposition Ren\u00e9 WIROTH-<\/h3>\n<p>(Traduction de l\u2019extrait de l\u2019article de Richard COVINGTON dans le International Herald Tribune du vendredi 16.02.2007)<\/p>\n<p>\u00ab Luxembourg. Un impromptu de Schubert flottait dans la galerie principale de l\u2019Abbaye de Neum\u00fcnster. Au coin de l\u2019exposition, des gauchers c\u00e9l\u00e8bres tels Leonard de Vinci, Charlie Chaplin et Bill Clinton, le pianiste britannique Chris Seed jouait d\u2019un piano \u00e0 l\u2019apparence \u00e9trange. A l&rsquo;image en miroir d\u2019un instrument ordinaire, les longues cordes horizontales s\u2019\u00e9tendaient l\u00e0 o\u00f9 on attendait les courtes et les notes basses \u00e9taient tout en haut du clavier, et non en bas l\u00e0 o\u00f9 elles sont d\u2019habitude. Le piano pour gaucher de Seed, la pi\u00e8ce centrale d\u2019une exposition sur la \u2018gauch\u00e9it\u00e9\u2019 est une m\u00e9taphore \u00e9trangement adapt\u00e9e pour une s\u00e9rie d\u2019\u00e9v\u00e8nements artistiques destin\u00e9s \u00e0 compl\u00e8tement retourner la perception d\u2019un Luxembourg collet-mont\u00e9. \u00bb<\/p>\n","protected":false},"excerpt":{"rendered":"<p>Exposition au CCRN : \u00ab Le monde de deux mains \u00bb Une approche pratique \u00e0 [&hellip;]<\/p>\n","protected":false},"author":1,"featured_media":0,"parent":0,"menu_order":0,"comment_status":"closed","ping_status":"closed","template":"template-full.php","meta":[],"_links":{"self":[{"href":"https:\/\/www.frank-wiroth.lu\/rene-wiroth\/wp-json\/wp\/v2\/pages\/541"}],"collection":[{"href":"https:\/\/www.frank-wiroth.lu\/rene-wiroth\/wp-json\/wp\/v2\/pages"}],"about":[{"href":"https:\/\/www.frank-wiroth.lu\/rene-wiroth\/wp-json\/wp\/v2\/types\/page"}],"author":[{"embeddable":true,"href":"https:\/\/www.frank-wiroth.lu\/rene-wiroth\/wp-json\/wp\/v2\/users\/1"}],"replies":[{"embeddable":true,"href":"https:\/\/www.frank-wiroth.lu\/rene-wiroth\/wp-json\/wp\/v2\/comments?post=541"}],"version-history":[{"count":1,"href":"https:\/\/www.frank-wiroth.lu\/rene-wiroth\/wp-json\/wp\/v2\/pages\/541\/revisions"}],"predecessor-version":[{"id":542,"href":"https:\/\/www.frank-wiroth.lu\/rene-wiroth\/wp-json\/wp\/v2\/pages\/541\/revisions\/542"}],"wp:attachment":[{"href":"https:\/\/www.frank-wiroth.lu\/rene-wiroth\/wp-json\/wp\/v2\/media?parent=541"}],"curies":[{"name":"wp","href":"https:\/\/api.w.org\/{rel}","templated":true}]}}