{"id":460,"date":"2014-01-28T10:46:11","date_gmt":"2014-01-28T09:46:11","guid":{"rendered":"http:\/\/www.frank-wiroth.lu\/rene-wiroth\/?page_id=460"},"modified":"2021-06-10T20:43:57","modified_gmt":"2021-06-10T18:43:57","slug":"violon","status":"publish","type":"page","link":"https:\/\/www.frank-wiroth.lu\/rene-wiroth\/violon\/","title":{"rendered":"Actions au violon"},"content":{"rendered":"<div class=\"wc-gallery\"><div id='gallery-1' data-gutter-width='5' data-columns='2' class='gallery wc-gallery-captions-onhover gallery-link-file gallery-masonry galleryid-460 gallery-columns-2 gallery-size-full wc-gallery-bottomspace-default wc-gallery-clear'><div class='gallery-item gallery-item-position-1 gallery-item-attachment-439'>\n\t\t\t\t<div class='gallery-icon landscape'>\n\t\t\t\t\t<a href='https:\/\/www.frank-wiroth.lu\/rene-wiroth\/wp-content\/uploads\/2014\/01\/frank-wiroth-violon-003-film-usine-eich.jpg' title='frank-wiroth-violon-003-film-usine-eich' target='_self'><img width=\"871\" height=\"566\" src=\"https:\/\/www.frank-wiroth.lu\/rene-wiroth\/wp-content\/uploads\/2014\/01\/frank-wiroth-violon-003-film-usine-eich.jpg\" class=\"attachment-full size-full\" alt=\"\" loading=\"lazy\" srcset=\"https:\/\/www.frank-wiroth.lu\/rene-wiroth\/wp-content\/uploads\/2014\/01\/frank-wiroth-violon-003-film-usine-eich.jpg 871w, https:\/\/www.frank-wiroth.lu\/rene-wiroth\/wp-content\/uploads\/2014\/01\/frank-wiroth-violon-003-film-usine-eich-125x81.jpg 125w, https:\/\/www.frank-wiroth.lu\/rene-wiroth\/wp-content\/uploads\/2014\/01\/frank-wiroth-violon-003-film-usine-eich-480x311.jpg 480w\" sizes=\"(max-width: 871px) 100vw, 871px\" \/><\/a>\n\t\t\t\t<\/div>\n\t\t\t\t\t<div class='wp-caption-text gallery-caption'>\n\t\t\t\t\t\t<p>\n\t\t\t\t\t\tFilm \u00e0 Esch\n\t\t\t\t\t\t<\/p>\n\t\t\t\t\t<\/div><\/div><div class='gallery-item gallery-item-position-2 gallery-item-attachment-440'>\n\t\t\t\t<div class='gallery-icon portrait'>\n\t\t\t\t\t<a href='https:\/\/www.frank-wiroth.lu\/rene-wiroth\/wp-content\/uploads\/2014\/01\/frank-wiroth-violon-004-hommage-beuys-lindenstrass.jpg' title='frank-wiroth-violon-004-hommage-beuys-lindenstrass' target='_self'><img width=\"699\" height=\"1071\" src=\"https:\/\/www.frank-wiroth.lu\/rene-wiroth\/wp-content\/uploads\/2014\/01\/frank-wiroth-violon-004-hommage-beuys-lindenstrass.jpg\" class=\"attachment-full size-full\" alt=\"\" loading=\"lazy\" srcset=\"https:\/\/www.frank-wiroth.lu\/rene-wiroth\/wp-content\/uploads\/2014\/01\/frank-wiroth-violon-004-hommage-beuys-lindenstrass.jpg 699w, https:\/\/www.frank-wiroth.lu\/rene-wiroth\/wp-content\/uploads\/2014\/01\/frank-wiroth-violon-004-hommage-beuys-lindenstrass-125x191.jpg 125w, https:\/\/www.frank-wiroth.lu\/rene-wiroth\/wp-content\/uploads\/2014\/01\/frank-wiroth-violon-004-hommage-beuys-lindenstrass-480x735.jpg 480w\" sizes=\"(max-width: 699px) 100vw, 699px\" \/><\/a>\n\t\t\t\t<\/div>\n\t\t\t\t\t<div class='wp-caption-text gallery-caption'>\n\t\t\t\t\t\t<p>\n\t\t\t\t\t\tHommage \u00e0 Beuys Lindenstrass\n\t\t\t\t\t\t<\/p>\n\t\t\t\t\t<\/div><\/div><div class='gallery-item gallery-item-position-3 gallery-item-attachment-441'>\n\t\t\t\t<div class='gallery-icon landscape'>\n\t\t\t\t\t<a href='https:\/\/www.frank-wiroth.lu\/rene-wiroth\/wp-content\/uploads\/2014\/01\/frank-wiroth-violon-005-violon-sur-tonneau.jpg' title='frank-wiroth-violon-005-violon-sur-tonneau' target='_self'><img width=\"800\" height=\"549\" src=\"https:\/\/www.frank-wiroth.lu\/rene-wiroth\/wp-content\/uploads\/2014\/01\/frank-wiroth-violon-005-violon-sur-tonneau.jpg\" class=\"attachment-full size-full\" alt=\"\" loading=\"lazy\" srcset=\"https:\/\/www.frank-wiroth.lu\/rene-wiroth\/wp-content\/uploads\/2014\/01\/frank-wiroth-violon-005-violon-sur-tonneau.jpg 800w, https:\/\/www.frank-wiroth.lu\/rene-wiroth\/wp-content\/uploads\/2014\/01\/frank-wiroth-violon-005-violon-sur-tonneau-125x85.jpg 125w, https:\/\/www.frank-wiroth.lu\/rene-wiroth\/wp-content\/uploads\/2014\/01\/frank-wiroth-violon-005-violon-sur-tonneau-480x329.jpg 480w\" sizes=\"(max-width: 800px) 100vw, 800px\" \/><\/a>\n\t\t\t\t<\/div>\n\t\t\t\t\t<div class='wp-caption-text gallery-caption'>\n\t\t\t\t\t\t<p>\n\t\t\t\t\t\tViolon sur un tonneau\n\t\t\t\t\t\t<\/p>\n\t\t\t\t\t<\/div><\/div><div class='gallery-item gallery-item-position-4 gallery-item-attachment-442'>\n\t\t\t\t<div class='gallery-icon landscape'>\n\t\t\t\t\t<a href='https:\/\/www.frank-wiroth.lu\/rene-wiroth\/wp-content\/uploads\/2014\/01\/frank-wiroth-violon-006-violon-sur-tonneau-2.jpg' title='frank-wiroth-violon-006-violon-sur-tonneau-2' target='_self'><img width=\"800\" height=\"524\" src=\"https:\/\/www.frank-wiroth.lu\/rene-wiroth\/wp-content\/uploads\/2014\/01\/frank-wiroth-violon-006-violon-sur-tonneau-2.jpg\" class=\"attachment-full size-full\" alt=\"\" loading=\"lazy\" srcset=\"https:\/\/www.frank-wiroth.lu\/rene-wiroth\/wp-content\/uploads\/2014\/01\/frank-wiroth-violon-006-violon-sur-tonneau-2.jpg 800w, https:\/\/www.frank-wiroth.lu\/rene-wiroth\/wp-content\/uploads\/2014\/01\/frank-wiroth-violon-006-violon-sur-tonneau-2-125x81.jpg 125w, https:\/\/www.frank-wiroth.lu\/rene-wiroth\/wp-content\/uploads\/2014\/01\/frank-wiroth-violon-006-violon-sur-tonneau-2-480x314.jpg 480w\" sizes=\"(max-width: 800px) 100vw, 800px\" \/><\/a>\n\t\t\t\t<\/div>\n\t\t\t\t\t<div class='wp-caption-text gallery-caption'>\n\t\t\t\t\t\t<p>\n\t\t\t\t\t\tViolon sur un tonneau\n\t\t\t\t\t\t<\/p>\n\t\t\t\t\t<\/div><\/div><\/div>\n<\/div>\n<h3>Diaporama d&rsquo;\u0153uvres accompagn\u00e9es au violon<\/h3>\n<p><iframe loading=\"lazy\" src=\"\/\/www.youtube-nocookie.com\/embed\/GcxB7GZ1BJg?rel=0\" width=\"635\" height=\"476\" frameborder=\"0\" allowfullscreen=\"allowfullscreen\"><\/iframe><\/p>\n<h3>CD CRI<\/h3>\n<p>Quinquette postindustriel pour grues, laminoirs, synth\u00e9tiseur, violon et saxophone<\/p>\n<div class=\"wc-gallery\"><div id='gallery-2' data-gutter-width='5' data-columns='2' class='gallery wc-gallery-captions-hide gallery-link-file gallery-masonry galleryid-460 gallery-columns-2 gallery-size-full wc-gallery-bottomspace-default wc-gallery-clear'><div class='gallery-item gallery-item-position-1 gallery-item-attachment-437'>\n\t\t\t\t<div class='gallery-icon landscape'>\n\t\t\t\t\t<a href='https:\/\/www.frank-wiroth.lu\/rene-wiroth\/wp-content\/uploads\/2014\/01\/frank-wiroth-violon-001.jpg' title='frank-wiroth-violon-001' target='_self'><img width=\"864\" height=\"833\" src=\"https:\/\/www.frank-wiroth.lu\/rene-wiroth\/wp-content\/uploads\/2014\/01\/frank-wiroth-violon-001.jpg\" class=\"attachment-full size-full\" alt=\"\" loading=\"lazy\" srcset=\"https:\/\/www.frank-wiroth.lu\/rene-wiroth\/wp-content\/uploads\/2014\/01\/frank-wiroth-violon-001.jpg 864w, https:\/\/www.frank-wiroth.lu\/rene-wiroth\/wp-content\/uploads\/2014\/01\/frank-wiroth-violon-001-125x120.jpg 125w, https:\/\/www.frank-wiroth.lu\/rene-wiroth\/wp-content\/uploads\/2014\/01\/frank-wiroth-violon-001-480x462.jpg 480w, https:\/\/www.frank-wiroth.lu\/rene-wiroth\/wp-content\/uploads\/2014\/01\/frank-wiroth-violon-001-40x40.jpg 40w\" sizes=\"(max-width: 864px) 100vw, 864px\" \/><\/a>\n\t\t\t\t<\/div><\/div><div class='gallery-item gallery-item-position-2 gallery-item-attachment-438'>\n\t\t\t\t<div class='gallery-icon landscape'>\n\t\t\t\t\t<a href='https:\/\/www.frank-wiroth.lu\/rene-wiroth\/wp-content\/uploads\/2014\/01\/frank-wiroth-violon-002.jpg' title='frank-wiroth-violon-002' target='_self'><img width=\"1722\" height=\"832\" src=\"https:\/\/www.frank-wiroth.lu\/rene-wiroth\/wp-content\/uploads\/2014\/01\/frank-wiroth-violon-002.jpg\" class=\"attachment-full size-full\" alt=\"\" loading=\"lazy\" srcset=\"https:\/\/www.frank-wiroth.lu\/rene-wiroth\/wp-content\/uploads\/2014\/01\/frank-wiroth-violon-002.jpg 1722w, https:\/\/www.frank-wiroth.lu\/rene-wiroth\/wp-content\/uploads\/2014\/01\/frank-wiroth-violon-002-960x463.jpg 960w, https:\/\/www.frank-wiroth.lu\/rene-wiroth\/wp-content\/uploads\/2014\/01\/frank-wiroth-violon-002-125x60.jpg 125w, https:\/\/www.frank-wiroth.lu\/rene-wiroth\/wp-content\/uploads\/2014\/01\/frank-wiroth-violon-002-480x231.jpg 480w, https:\/\/www.frank-wiroth.lu\/rene-wiroth\/wp-content\/uploads\/2014\/01\/frank-wiroth-violon-002-1500x724.jpg 1500w\" sizes=\"(max-width: 1722px) 100vw, 1722px\" \/><\/a>\n\t\t\t\t<\/div><\/div><\/div>\n<\/div>\n","protected":false},"excerpt":{"rendered":"<p>Diaporama d&rsquo;\u0153uvres accompagn\u00e9es au violon CD CRI Quinquette postindustriel pour grues, laminoirs, synth\u00e9tiseur, violon et [&hellip;]<\/p>\n","protected":false},"author":1,"featured_media":0,"parent":0,"menu_order":0,"comment_status":"closed","ping_status":"closed","template":"template-full.php","meta":[],"_links":{"self":[{"href":"https:\/\/www.frank-wiroth.lu\/rene-wiroth\/wp-json\/wp\/v2\/pages\/460"}],"collection":[{"href":"https:\/\/www.frank-wiroth.lu\/rene-wiroth\/wp-json\/wp\/v2\/pages"}],"about":[{"href":"https:\/\/www.frank-wiroth.lu\/rene-wiroth\/wp-json\/wp\/v2\/types\/page"}],"author":[{"embeddable":true,"href":"https:\/\/www.frank-wiroth.lu\/rene-wiroth\/wp-json\/wp\/v2\/users\/1"}],"replies":[{"embeddable":true,"href":"https:\/\/www.frank-wiroth.lu\/rene-wiroth\/wp-json\/wp\/v2\/comments?post=460"}],"version-history":[{"count":12,"href":"https:\/\/www.frank-wiroth.lu\/rene-wiroth\/wp-json\/wp\/v2\/pages\/460\/revisions"}],"predecessor-version":[{"id":1257,"href":"https:\/\/www.frank-wiroth.lu\/rene-wiroth\/wp-json\/wp\/v2\/pages\/460\/revisions\/1257"}],"wp:attachment":[{"href":"https:\/\/www.frank-wiroth.lu\/rene-wiroth\/wp-json\/wp\/v2\/media?parent=460"}],"curies":[{"name":"wp","href":"https:\/\/api.w.org\/{rel}","templated":true}]}}