{"id":248,"date":"2014-01-27T16:13:24","date_gmt":"2014-01-27T15:13:24","guid":{"rendered":"http:\/\/www.frank-wiroth.lu\/rene-wiroth\/?page_id=248"},"modified":"2014-01-27T16:46:48","modified_gmt":"2014-01-27T15:46:48","slug":"bourglinster-decembre-2007","status":"publish","type":"page","link":"https:\/\/www.frank-wiroth.lu\/rene-wiroth\/bourglinster-decembre-2007\/","title":{"rendered":"Bourglinster d\u00e9cembre 2007"},"content":{"rendered":"<div class=\"wc-gallery\"><div id='gallery-1' data-gutter-width='5' data-columns='1' class='gallery wc-gallery-captions-onhover gallery-link-file gallery-masonry galleryid-248 gallery-columns-1 gallery-size-full wc-gallery-bottomspace-default wc-gallery-clear'><div class='gallery-item gallery-item-position-1 gallery-item-attachment-249'>\n\t\t\t\t<div class='gallery-icon portrait'>\n\t\t\t\t\t<a href='https:\/\/www.frank-wiroth.lu\/rene-wiroth\/wp-content\/uploads\/2014\/01\/critique-les-amants-de-la-5e-saison-tageblatt.jpg' title='critique-les-amants-de-la-5e-saison-tageblatt' target='_self'><img width=\"726\" height=\"728\" src=\"https:\/\/www.frank-wiroth.lu\/rene-wiroth\/wp-content\/uploads\/2014\/01\/critique-les-amants-de-la-5e-saison-tageblatt.jpg\" class=\"attachment-full size-full\" alt=\"\" loading=\"lazy\" srcset=\"https:\/\/www.frank-wiroth.lu\/rene-wiroth\/wp-content\/uploads\/2014\/01\/critique-les-amants-de-la-5e-saison-tageblatt.jpg 726w, https:\/\/www.frank-wiroth.lu\/rene-wiroth\/wp-content\/uploads\/2014\/01\/critique-les-amants-de-la-5e-saison-tageblatt-150x150.jpg 150w, https:\/\/www.frank-wiroth.lu\/rene-wiroth\/wp-content\/uploads\/2014\/01\/critique-les-amants-de-la-5e-saison-tageblatt-50x50.jpg 50w, https:\/\/www.frank-wiroth.lu\/rene-wiroth\/wp-content\/uploads\/2014\/01\/critique-les-amants-de-la-5e-saison-tageblatt-125x125.jpg 125w, https:\/\/www.frank-wiroth.lu\/rene-wiroth\/wp-content\/uploads\/2014\/01\/critique-les-amants-de-la-5e-saison-tageblatt-56x56.jpg 56w, https:\/\/www.frank-wiroth.lu\/rene-wiroth\/wp-content\/uploads\/2014\/01\/critique-les-amants-de-la-5e-saison-tageblatt-480x481.jpg 480w, https:\/\/www.frank-wiroth.lu\/rene-wiroth\/wp-content\/uploads\/2014\/01\/critique-les-amants-de-la-5e-saison-tageblatt-250x250.jpg 250w, https:\/\/www.frank-wiroth.lu\/rene-wiroth\/wp-content\/uploads\/2014\/01\/critique-les-amants-de-la-5e-saison-tageblatt-40x40.jpg 40w\" sizes=\"(max-width: 726px) 100vw, 726px\" \/><\/a>\n\t\t\t\t<\/div>\n\t\t\t\t\t<div class='wp-caption-text gallery-caption'>\n\t\t\t\t\t\t<p>\n\t\t\t\t\t\tTageblatt 20 d\u00e9cembre 2007\n\t\t\t\t\t\t<\/p>\n\t\t\t\t\t<\/div><\/div><\/div>\n<\/div>\n<p>T\u00e9l\u00e9charger l&rsquo;<a href=\"http:\/\/www.frank-wiroth.lu\/rene-wiroth\/wp-content\/uploads\/2014\/01\/critique-les-amants-de-la-5e-saison-tageblatt.pdf\">article du Tageblatt du 20 d\u00e9cembre 2007<\/a><\/p>\n","protected":false},"excerpt":{"rendered":"<p>T\u00e9l\u00e9charger l&rsquo;article du Tageblatt du 20 d\u00e9cembre 2007<\/p>\n","protected":false},"author":1,"featured_media":0,"parent":0,"menu_order":0,"comment_status":"closed","ping_status":"closed","template":"template-full.php","meta":[],"_links":{"self":[{"href":"https:\/\/www.frank-wiroth.lu\/rene-wiroth\/wp-json\/wp\/v2\/pages\/248"}],"collection":[{"href":"https:\/\/www.frank-wiroth.lu\/rene-wiroth\/wp-json\/wp\/v2\/pages"}],"about":[{"href":"https:\/\/www.frank-wiroth.lu\/rene-wiroth\/wp-json\/wp\/v2\/types\/page"}],"author":[{"embeddable":true,"href":"https:\/\/www.frank-wiroth.lu\/rene-wiroth\/wp-json\/wp\/v2\/users\/1"}],"replies":[{"embeddable":true,"href":"https:\/\/www.frank-wiroth.lu\/rene-wiroth\/wp-json\/wp\/v2\/comments?post=248"}],"version-history":[{"count":2,"href":"https:\/\/www.frank-wiroth.lu\/rene-wiroth\/wp-json\/wp\/v2\/pages\/248\/revisions"}],"predecessor-version":[{"id":283,"href":"https:\/\/www.frank-wiroth.lu\/rene-wiroth\/wp-json\/wp\/v2\/pages\/248\/revisions\/283"}],"wp:attachment":[{"href":"https:\/\/www.frank-wiroth.lu\/rene-wiroth\/wp-json\/wp\/v2\/media?parent=248"}],"curies":[{"name":"wp","href":"https:\/\/api.w.org\/{rel}","templated":true}]}}