{"id":271,"date":"2014-01-27T16:38:29","date_gmt":"2014-01-27T15:38:29","guid":{"rendered":"http:\/\/www.frank-wiroth.lu\/michele-frank\/?page_id=271"},"modified":"2014-01-27T16:49:05","modified_gmt":"2014-01-27T15:49:05","slug":"errances-exposition-anais-au-theaterstuff","status":"publish","type":"page","link":"https:\/\/www.frank-wiroth.lu\/michele-frank\/errances-exposition-anais-au-theaterstuff\/","title":{"rendered":"Errances &#8211; Exposition Ana\u00efs au Theaterstuff"},"content":{"rendered":"<h2 align=\"justify\">Exposition Ana\u00efs au Theaterstuff<\/h2>\n<h3 align=\"justify\">Par Rich Audry<\/h3>\n<p align=\"justify\">C&rsquo;est sous le pseudonyme d&rsquo;Ana\u00efs que Mich\u00e8le Frank expose \u00e0 la Theaterstuff\u00a0ses r\u00e9alisations r\u00e9centes sur toile et sur soie.<\/p>\n<p align=\"justify\">Elle appelle ses combinaisons nuagistes, \u00ab\u00a0errances\u00a0\u00bb et obtient ses effets en d\u00e9posant les couleurs sur le support en condensations tourbillonnantes et en tra\u00een\u00e9es gestuelles. Ainsi ses \u00e9tendues s&#8217;emballent et dans l&rsquo;entassement des compositions rythmiques apparaissent des taches, et des traces d&rsquo;un bleuf onc\u00e9 qui s&rsquo;\u00e9claircit sous l&rsquo;effet du vert glauque, rose p\u00e2le, jaune citron et blanc cass\u00e9.<\/p>\n<p align=\"justify\">La palette et la spatule ont l&rsquo;air tourment\u00e9es, et pourtant, c&rsquo;est une sereine qui\u00e9tude qui se d\u00e9gage de l&rsquo;ensemble et qui montre que les diff\u00e9rentes productions ne sont en fin de compte que la recherche d&rsquo;un heureux \u00e9quilibre entre le ciel et la terre, entre les pouss\u00e9es abstraites et les forces concr\u00e8tes.<\/p>\n<p align=\"justify\">Le tout est comme un lac aux images virtuelles o\u00f9, \u00e0 partir d&rsquo;une rive, s&rsquo;effectue une plong\u00e9e dont la r\u00e9sonance se propage d&rsquo;onde en onde. Et la cadence qu&rsquo;impose le geste au pinceau de restituer la respiration du r\u00e9el, de ma\u00eetriser la dialectique du fini et de l\u201ainfini et de faire surgir des sc\u00e8nes vivantes du sein d&rsquo;une vision totalisante .Sur la soie les couleurs sont plus paisibles, plus d\u00e9coratives et leurs interpr\u00e9tations, s&rsquo;il y &#8211; en a, sont d&rsquo;une facture plus savante. Se constituant elles aussi en paysages\u00a0imaginaires, elles sont d&rsquo;une \u00e9trange finesse dans leur structure, parce que d&rsquo;une souplesse qui, d\u00e9bouche sur, une douceur attrayante.<\/p>\n","protected":false},"excerpt":{"rendered":"<p>Exposition Ana\u00efs au Theaterstuff Par Rich Audry C&rsquo;est sous le pseudonyme d&rsquo;Ana\u00efs que Mich\u00e8le Frank [&hellip;]<\/p>\n","protected":false},"author":1,"featured_media":0,"parent":0,"menu_order":0,"comment_status":"closed","ping_status":"closed","template":"","meta":[],"_links":{"self":[{"href":"https:\/\/www.frank-wiroth.lu\/michele-frank\/wp-json\/wp\/v2\/pages\/271"}],"collection":[{"href":"https:\/\/www.frank-wiroth.lu\/michele-frank\/wp-json\/wp\/v2\/pages"}],"about":[{"href":"https:\/\/www.frank-wiroth.lu\/michele-frank\/wp-json\/wp\/v2\/types\/page"}],"author":[{"embeddable":true,"href":"https:\/\/www.frank-wiroth.lu\/michele-frank\/wp-json\/wp\/v2\/users\/1"}],"replies":[{"embeddable":true,"href":"https:\/\/www.frank-wiroth.lu\/michele-frank\/wp-json\/wp\/v2\/comments?post=271"}],"version-history":[{"count":3,"href":"https:\/\/www.frank-wiroth.lu\/michele-frank\/wp-json\/wp\/v2\/pages\/271\/revisions"}],"predecessor-version":[{"id":286,"href":"https:\/\/www.frank-wiroth.lu\/michele-frank\/wp-json\/wp\/v2\/pages\/271\/revisions\/286"}],"wp:attachment":[{"href":"https:\/\/www.frank-wiroth.lu\/michele-frank\/wp-json\/wp\/v2\/media?parent=271"}],"curies":[{"name":"wp","href":"https:\/\/api.w.org\/{rel}","templated":true}]}}