{"id":1239,"date":"2021-05-23T14:43:03","date_gmt":"2021-05-23T12:43:03","guid":{"rendered":"https:\/\/www.frank-wiroth.lu\/michele-frank\/?page_id=1239"},"modified":"2021-05-23T14:43:03","modified_gmt":"2021-05-23T12:43:03","slug":"couleurs-de-lintime","status":"publish","type":"page","link":"https:\/\/www.frank-wiroth.lu\/michele-frank\/publications\/couleurs-de-lintime\/","title":{"rendered":"Couleurs de l&rsquo;intime"},"content":{"rendered":"<h2>D\u00e9couvrez le nouveau roman de Mich\u00e8le Frank, publi\u00e9 en\u00a02021 aux \u00c9ditions Phi<\/h2>\n<h3><\/h3>\n<div class=\"one_half\"><\/p>\n<h3>R\u00e9sum\u00e9<\/h3>\n<p>Couleurs de l\u2019intime est une \u0153uvre autobiographique, certes, mais il ne s\u2019agit pas pour l\u2019auteure de raconter une enfance, douloureuse et d\u00e9stabilisante comme beaucoup d\u2019autres, mais de r\u00e9pondre \u00e0 la question qui la taraude sans cesse, quand l\u2019auteure regarde ses peintures : Qu\u2019est-ce qui peint en moi ? D\u2019o\u00f9 vient cette col\u00e8re qui \u00e9clabousse sa peinture ? Cette impatience qui guide ses grands coups de couteau sur la toile blanche, comment la ma\u00eetriser ? Cette \u00e9nergie qui d\u00e9borde de partout, comme une r\u00e9ponse \u00e0 l\u2019ins\u00e9curit\u00e9 qui aurait pu la paralyser, d\u2019o\u00f9 vient-elle ?<\/p>\n<p><a href=\"http:\/\/www.editionsphi.lu\/fr\/nouveautes\/495-michele-frank-couleurs-de-l-intime.html\">&gt; Commander le livre sur le site de l&rsquo;\u00e9diteur<\/a><\/p>\n<p><\/div>\n<div class=\"one_half column-last\"><\/p>\n<p><img loading=\"lazy\" class=\"alignleft wp-image-1240 size-full\" src=\"https:\/\/www.frank-wiroth.lu\/michele-frank\/wp-content\/uploads\/2021\/05\/michele-frank-couleurs-de-l-intime-vignette.jpg\" alt=\"\" width=\"391\" height=\"600\" srcset=\"https:\/\/www.frank-wiroth.lu\/michele-frank\/wp-content\/uploads\/2021\/05\/michele-frank-couleurs-de-l-intime-vignette.jpg 391w, https:\/\/www.frank-wiroth.lu\/michele-frank\/wp-content\/uploads\/2021\/05\/michele-frank-couleurs-de-l-intime-vignette-125x192.jpg 125w, https:\/\/www.frank-wiroth.lu\/michele-frank\/wp-content\/uploads\/2021\/05\/michele-frank-couleurs-de-l-intime-vignette-250x384.jpg 250w, https:\/\/www.frank-wiroth.lu\/michele-frank\/wp-content\/uploads\/2021\/05\/michele-frank-couleurs-de-l-intime-vignette-117x180.jpg 117w, https:\/\/www.frank-wiroth.lu\/michele-frank\/wp-content\/uploads\/2021\/05\/michele-frank-couleurs-de-l-intime-vignette-196x300.jpg 196w, https:\/\/www.frank-wiroth.lu\/michele-frank\/wp-content\/uploads\/2021\/05\/michele-frank-couleurs-de-l-intime-vignette-326x500.jpg 326w\" sizes=\"(max-width: 391px) 100vw, 391px\" \/><\/div><div class=\"clear\"><\/div>\n","protected":false},"excerpt":{"rendered":"<p>D\u00e9couvrez le nouveau roman de Mich\u00e8le Frank, publi\u00e9 en\u00a02021 aux \u00c9ditions Phi<\/p>\n","protected":false},"author":1,"featured_media":1155,"parent":506,"menu_order":0,"comment_status":"closed","ping_status":"closed","template":"template-full.php","meta":[],"_links":{"self":[{"href":"https:\/\/www.frank-wiroth.lu\/michele-frank\/wp-json\/wp\/v2\/pages\/1239"}],"collection":[{"href":"https:\/\/www.frank-wiroth.lu\/michele-frank\/wp-json\/wp\/v2\/pages"}],"about":[{"href":"https:\/\/www.frank-wiroth.lu\/michele-frank\/wp-json\/wp\/v2\/types\/page"}],"author":[{"embeddable":true,"href":"https:\/\/www.frank-wiroth.lu\/michele-frank\/wp-json\/wp\/v2\/users\/1"}],"replies":[{"embeddable":true,"href":"https:\/\/www.frank-wiroth.lu\/michele-frank\/wp-json\/wp\/v2\/comments?post=1239"}],"version-history":[{"count":3,"href":"https:\/\/www.frank-wiroth.lu\/michele-frank\/wp-json\/wp\/v2\/pages\/1239\/revisions"}],"predecessor-version":[{"id":1243,"href":"https:\/\/www.frank-wiroth.lu\/michele-frank\/wp-json\/wp\/v2\/pages\/1239\/revisions\/1243"}],"up":[{"embeddable":true,"href":"https:\/\/www.frank-wiroth.lu\/michele-frank\/wp-json\/wp\/v2\/pages\/506"}],"wp:featuredmedia":[{"embeddable":true,"href":"https:\/\/www.frank-wiroth.lu\/michele-frank\/wp-json\/wp\/v2\/media\/1155"}],"wp:attachment":[{"href":"https:\/\/www.frank-wiroth.lu\/michele-frank\/wp-json\/wp\/v2\/media?parent=1239"}],"curies":[{"name":"wp","href":"https:\/\/api.w.org\/{rel}","templated":true}]}}