{"id":1151,"date":"2018-07-10T16:27:53","date_gmt":"2018-07-10T14:27:53","guid":{"rendered":"http:\/\/www.frank-wiroth.lu\/michele-frank\/?page_id=1151"},"modified":"2021-05-23T14:44:07","modified_gmt":"2021-05-23T12:44:07","slug":"blessures-sans-cicatrices","status":"publish","type":"page","link":"https:\/\/www.frank-wiroth.lu\/michele-frank\/publications\/blessures-sans-cicatrices\/","title":{"rendered":"Blessures sans cicatrices"},"content":{"rendered":"<h2>Troisi\u00e8me roman de Mich\u00e8le Frank, publi\u00e9 en\u00a02019 aux \u00c9ditions Phi<\/h2>\n<h3><\/h3>\n<div class=\"one_half\"><\/p>\n<h3>R\u00e9sum\u00e9<\/h3>\n<p>Bruno, enfant non d\u00e9sir\u00e9 et h\u00e9ritier d\u2019une histoire allemande que tout en lui refuse, vient de quitter Mona, sa femme, qui ne supporte plus ses d\u00e9pressions, l\u2019abus d\u2019alcool qui les accompagne et son manque de disponibilit\u00e9 pour elle et leur fille, Luna. La solitude qu\u2019il a choisie l\u2019am\u00e8ne \u00e0 se rem\u00e9morer les souvenirs traumatisants de son enfance, les abandons r\u00e9p\u00e9t\u00e9s, l\u2019absence et le retour d\u00e9cevant du p\u00e8re apr\u00e8s six ans de captivit\u00e9 en Australie, le rejet de la m\u00e8re. Il essaie de comprendre ce qui a fait de lui un homme d\u00e9chir\u00e9 entre le lien qui l\u2019attache \u00e0 Mona et son incapacit\u00e9 \u00e0 vivre une relation amoureuse avec les responsabilit\u00e9s familiales qu\u2019impose le quotidien.<\/p>\n<p>Journaliste, il ne supporte plus l\u2019hypocrisie sociale, les informations tronqu\u00e9es auxquelles le contraint sa profession, et provoque rapidement ceux qui le paient par des prises de positions trop ouvertement anticonformistes. Il d\u00e9cide de faire une nouvelle formation pour s\u2019occuper de toxicomanes qu\u2019il consid\u00e8re comme ses semblables, ceux dont la vie n\u2019a gu\u00e8re plus de l\u00e9gitimit\u00e9 que la sienne. Il cr\u00e9e des foyers dans lesquels il h\u00e9berge des jeunes souffrant d\u2019addictions diverses, auxquels il tente d\u2019insuffler un certain d\u00e9sir de vivre, une forme de libert\u00e9 et parfois m\u00eame, dans le meilleur des cas, une conscience citoyenne. Mais c\u2019est au prix de sa propre destruction.<\/p>\n<p><\/div>\n<div class=\"one_half column-last\"><\/p>\n<p><a href=\"http:\/\/www.frank-wiroth.lu\/michele-frank\/wp-content\/uploads\/2019\/10\/michele-frank-blessures-sans-cicatrices-recto-500px.jpg\"><img loading=\"lazy\" class=\"alignleft wp-image-1210 size-full\" src=\"http:\/\/www.frank-wiroth.lu\/michele-frank\/wp-content\/uploads\/2019\/10\/michele-frank-blessures-sans-cicatrices-recto-500px.jpg\" alt=\"\" width=\"500\" height=\"841\" srcset=\"https:\/\/www.frank-wiroth.lu\/michele-frank\/wp-content\/uploads\/2019\/10\/michele-frank-blessures-sans-cicatrices-recto-500px.jpg 500w, https:\/\/www.frank-wiroth.lu\/michele-frank\/wp-content\/uploads\/2019\/10\/michele-frank-blessures-sans-cicatrices-recto-500px-125x210.jpg 125w, https:\/\/www.frank-wiroth.lu\/michele-frank\/wp-content\/uploads\/2019\/10\/michele-frank-blessures-sans-cicatrices-recto-500px-480x807.jpg 480w, https:\/\/www.frank-wiroth.lu\/michele-frank\/wp-content\/uploads\/2019\/10\/michele-frank-blessures-sans-cicatrices-recto-500px-250x421.jpg 250w, https:\/\/www.frank-wiroth.lu\/michele-frank\/wp-content\/uploads\/2019\/10\/michele-frank-blessures-sans-cicatrices-recto-500px-107x180.jpg 107w, https:\/\/www.frank-wiroth.lu\/michele-frank\/wp-content\/uploads\/2019\/10\/michele-frank-blessures-sans-cicatrices-recto-500px-178x300.jpg 178w, https:\/\/www.frank-wiroth.lu\/michele-frank\/wp-content\/uploads\/2019\/10\/michele-frank-blessures-sans-cicatrices-recto-500px-297x500.jpg 297w\" sizes=\"(max-width: 500px) 100vw, 500px\" \/><\/a><\/div><div class=\"clear\"><\/div>\n<div class=\"one_half\"><\/p>\n<p><a href=\"http:\/\/www.frank-wiroth.lu\/michele-frank\/wp-content\/uploads\/2019\/10\/michele-frank-blessures-sans-cicatrices-verso-500px.jpg\"><img loading=\"lazy\" class=\"alignleft wp-image-1211 size-full\" src=\"http:\/\/www.frank-wiroth.lu\/michele-frank\/wp-content\/uploads\/2019\/10\/michele-frank-blessures-sans-cicatrices-verso-500px.jpg\" alt=\"\" width=\"500\" height=\"841\" srcset=\"https:\/\/www.frank-wiroth.lu\/michele-frank\/wp-content\/uploads\/2019\/10\/michele-frank-blessures-sans-cicatrices-verso-500px.jpg 500w, https:\/\/www.frank-wiroth.lu\/michele-frank\/wp-content\/uploads\/2019\/10\/michele-frank-blessures-sans-cicatrices-verso-500px-125x210.jpg 125w, https:\/\/www.frank-wiroth.lu\/michele-frank\/wp-content\/uploads\/2019\/10\/michele-frank-blessures-sans-cicatrices-verso-500px-480x807.jpg 480w, https:\/\/www.frank-wiroth.lu\/michele-frank\/wp-content\/uploads\/2019\/10\/michele-frank-blessures-sans-cicatrices-verso-500px-250x421.jpg 250w, https:\/\/www.frank-wiroth.lu\/michele-frank\/wp-content\/uploads\/2019\/10\/michele-frank-blessures-sans-cicatrices-verso-500px-107x180.jpg 107w, https:\/\/www.frank-wiroth.lu\/michele-frank\/wp-content\/uploads\/2019\/10\/michele-frank-blessures-sans-cicatrices-verso-500px-178x300.jpg 178w, https:\/\/www.frank-wiroth.lu\/michele-frank\/wp-content\/uploads\/2019\/10\/michele-frank-blessures-sans-cicatrices-verso-500px-297x500.jpg 297w\" sizes=\"(max-width: 500px) 100vw, 500px\" \/><\/a><\/div>\n<div class=\"one_half column-last\"><\/p>\n<p>Apr\u00e8s plusieurs tentatives de sevrage, associ\u00e9es \u00e0 des th\u00e9rapies sans succ\u00e8s, il tente une exp\u00e9rience d\u00e9vastatrice, la \u00ab Th\u00e9rapie du cri primal \u00bb d\u2019Artur Janov, dans l\u2019espoir de reconqu\u00e9rir sa femme et de pouvoir vivre enfin avec elle une vie normale. Ces trois semaines de traitement destin\u00e9es \u00e0 ouvrir les vannes d\u2019un pass\u00e9 traumatisant semblent l\u2019avoir lib\u00e9r\u00e9 de ses d\u00e9mons et lui permettent de retrouver Mona et sa fille. N\u00e9anmoins, il en sort plus fragilis\u00e9, incapable de continuer, comme il le dit , \u00e0 \u00ab g\u00e9rer la mis\u00e8re humaine \u00bb. La ma\u00eetrise en Sciences Sociales qu\u2019il obtient en un an semble lui ouvrir de nouvelles portes, mais les anciens d\u00e9mons rejaillissent et provoquent une nouvelle s\u00e9paration, dont l\u2019amour de Marie, une femme douce et aimante qu\u2019il a rencontr\u00e9e, ne parvient pas \u00e0 le gu\u00e9rir.<\/p>\n<p>Il choisit l\u2019absolue solitude, refusant de soigner le cancer dont il est atteint.<\/p>\n<p>C\u2019est alors que, pour enfin dire son indicible douleur, il d\u00e9cide d\u2019\u00e9crire ce que vous allez lire.<\/p>\n<p><a href=\"http:\/\/www.editionsphi.lu\/francais\/460-michele-frank-blessures-sans-cicatrices.html\">&gt; Commander le livre sur le site de l&rsquo;\u00e9diteur<\/a><\/p>\n<p><\/div><div class=\"clear\"><\/div>\n<div class=\"divider\"><h5><span> Critique <\/span><\/h5><\/div>\n<p>Par Marcel Kieffer, <a href=\"https:\/\/www.pressreader.com\/luxembourg\/luxemburger-wort\/20200530\/282175063331743\">Luxemburger Wort du 30\/05\/2020<\/a><\/p>\n<p><a href=\"http:\/\/www.frank-wiroth.lu\/michele-frank\/wp-content\/uploads\/2018\/07\/20200630-luxemburger_wort-blessures_sans_cicatrices.jpg\"><img loading=\"lazy\" class=\"alignleft size-full wp-image-1231\" src=\"http:\/\/www.frank-wiroth.lu\/michele-frank\/wp-content\/uploads\/2018\/07\/20200630-luxemburger_wort-blessures_sans_cicatrices.jpg\" alt=\"\" width=\"961\" height=\"1126\" srcset=\"https:\/\/www.frank-wiroth.lu\/michele-frank\/wp-content\/uploads\/2018\/07\/20200630-luxemburger_wort-blessures_sans_cicatrices.jpg 961w, https:\/\/www.frank-wiroth.lu\/michele-frank\/wp-content\/uploads\/2018\/07\/20200630-luxemburger_wort-blessures_sans_cicatrices-768x900.jpg 768w, https:\/\/www.frank-wiroth.lu\/michele-frank\/wp-content\/uploads\/2018\/07\/20200630-luxemburger_wort-blessures_sans_cicatrices-960x1125.jpg 960w, https:\/\/www.frank-wiroth.lu\/michele-frank\/wp-content\/uploads\/2018\/07\/20200630-luxemburger_wort-blessures_sans_cicatrices-125x146.jpg 125w, https:\/\/www.frank-wiroth.lu\/michele-frank\/wp-content\/uploads\/2018\/07\/20200630-luxemburger_wort-blessures_sans_cicatrices-480x562.jpg 480w, https:\/\/www.frank-wiroth.lu\/michele-frank\/wp-content\/uploads\/2018\/07\/20200630-luxemburger_wort-blessures_sans_cicatrices-250x293.jpg 250w, https:\/\/www.frank-wiroth.lu\/michele-frank\/wp-content\/uploads\/2018\/07\/20200630-luxemburger_wort-blessures_sans_cicatrices-550x644.jpg 550w, https:\/\/www.frank-wiroth.lu\/michele-frank\/wp-content\/uploads\/2018\/07\/20200630-luxemburger_wort-blessures_sans_cicatrices-800x937.jpg 800w, https:\/\/www.frank-wiroth.lu\/michele-frank\/wp-content\/uploads\/2018\/07\/20200630-luxemburger_wort-blessures_sans_cicatrices-154x180.jpg 154w, https:\/\/www.frank-wiroth.lu\/michele-frank\/wp-content\/uploads\/2018\/07\/20200630-luxemburger_wort-blessures_sans_cicatrices-256x300.jpg 256w, https:\/\/www.frank-wiroth.lu\/michele-frank\/wp-content\/uploads\/2018\/07\/20200630-luxemburger_wort-blessures_sans_cicatrices-427x500.jpg 427w\" sizes=\"(max-width: 961px) 100vw, 961px\" \/><\/a><\/p>\n","protected":false},"excerpt":{"rendered":"<p>Troisi\u00e8me roman de Mich\u00e8le Frank, publi\u00e9 en\u00a02019 aux \u00c9ditions Phi Par Marcel Kieffer, Luxemburger Wort [&hellip;]<\/p>\n","protected":false},"author":1,"featured_media":1155,"parent":506,"menu_order":0,"comment_status":"closed","ping_status":"closed","template":"template-full.php","meta":[],"_links":{"self":[{"href":"https:\/\/www.frank-wiroth.lu\/michele-frank\/wp-json\/wp\/v2\/pages\/1151"}],"collection":[{"href":"https:\/\/www.frank-wiroth.lu\/michele-frank\/wp-json\/wp\/v2\/pages"}],"about":[{"href":"https:\/\/www.frank-wiroth.lu\/michele-frank\/wp-json\/wp\/v2\/types\/page"}],"author":[{"embeddable":true,"href":"https:\/\/www.frank-wiroth.lu\/michele-frank\/wp-json\/wp\/v2\/users\/1"}],"replies":[{"embeddable":true,"href":"https:\/\/www.frank-wiroth.lu\/michele-frank\/wp-json\/wp\/v2\/comments?post=1151"}],"version-history":[{"count":12,"href":"https:\/\/www.frank-wiroth.lu\/michele-frank\/wp-json\/wp\/v2\/pages\/1151\/revisions"}],"predecessor-version":[{"id":1244,"href":"https:\/\/www.frank-wiroth.lu\/michele-frank\/wp-json\/wp\/v2\/pages\/1151\/revisions\/1244"}],"up":[{"embeddable":true,"href":"https:\/\/www.frank-wiroth.lu\/michele-frank\/wp-json\/wp\/v2\/pages\/506"}],"wp:featuredmedia":[{"embeddable":true,"href":"https:\/\/www.frank-wiroth.lu\/michele-frank\/wp-json\/wp\/v2\/media\/1155"}],"wp:attachment":[{"href":"https:\/\/www.frank-wiroth.lu\/michele-frank\/wp-json\/wp\/v2\/media?parent=1151"}],"curies":[{"name":"wp","href":"https:\/\/api.w.org\/{rel}","templated":true}]}}