{"id":1091,"date":"2016-07-18T18:45:44","date_gmt":"2016-07-18T16:45:44","guid":{"rendered":"http:\/\/www.frank-wiroth.lu\/michele-frank\/?page_id=1091"},"modified":"2016-11-01T13:29:43","modified_gmt":"2016-11-01T12:29:43","slug":"sarah-en-clair-obscur","status":"publish","type":"page","link":"https:\/\/www.frank-wiroth.lu\/michele-frank\/publications\/sarah-en-clair-obscur\/","title":{"rendered":"Sarah en clair-obscur"},"content":{"rendered":"<h2>D\u00e9couvrez le nouveau roman de Mich\u00e8le Frank, publi\u00e9 en 2016 aux \u00e9ditions Edilivre<\/h2>\n<h3><\/h3>\n<div class=\"one_half\"><\/p>\n<h3>R\u00e9sum\u00e9<\/h3>\n<p>La vie de Sarah commence par deux meurtres. Coupable elle l\u2019est, parce qu\u2019elle a tu\u00e9 sa m\u00e8re \u00e0 sa naissance. Coupable elle l\u2019est, parce que son p\u00e8re a voulu suivre sa compagne dans la tombe. Coupable elle l\u2019est, parce que ses grands-parents ont d\u00fb la prendre en charge, elle qui leur a pris leur fille unique.<\/p>\n<p>Ce sont les livres qui feront son \u00e9ducation et lui serviront de refuge. La vie de famille, qu\u2019elle a choisie trop jeune, ne satisfait pas le r\u00eave d\u2019amour qu\u2019ont fait na\u00eetre les romans.<\/p>\n<p>Jean, pour lequel elle quitte mari et enfants sur un coup de t\u00eate, se r\u00e9v\u00e9lera tr\u00e8s vite manipulateur et pervers. C\u2019est un coup du sort qui fera de Sarah une femme libre.<\/p>\n<p><a href=\"https:\/\/www.edilivre.com\/catalog\/product\/view\/id\/756828\/s\/sarah-en-clair-obscur-michele-frank\/\">&gt; Commander le livre en version papier ou en version num\u00e9rique sur le site de l&rsquo;\u00e9diteur<\/a><\/p>\n<p><\/div>\n<p>&nbsp;<\/p>\n<div class=\"one_half column-last\"><\/p>\n<p><img loading=\"lazy\" class=\"alignleft size-full wp-image-1092\" src=\"http:\/\/www.frank-wiroth.lu\/michele-frank\/wp-content\/uploads\/2016\/07\/sarah-en-clair-obscur-couverture.jpg\" alt=\"Couverture du roman Sarah en clair-obscur\" width=\"500\" height=\"762\" srcset=\"https:\/\/www.frank-wiroth.lu\/michele-frank\/wp-content\/uploads\/2016\/07\/sarah-en-clair-obscur-couverture.jpg 500w, https:\/\/www.frank-wiroth.lu\/michele-frank\/wp-content\/uploads\/2016\/07\/sarah-en-clair-obscur-couverture-125x191.jpg 125w, https:\/\/www.frank-wiroth.lu\/michele-frank\/wp-content\/uploads\/2016\/07\/sarah-en-clair-obscur-couverture-480x732.jpg 480w, https:\/\/www.frank-wiroth.lu\/michele-frank\/wp-content\/uploads\/2016\/07\/sarah-en-clair-obscur-couverture-250x381.jpg 250w, https:\/\/www.frank-wiroth.lu\/michele-frank\/wp-content\/uploads\/2016\/07\/sarah-en-clair-obscur-couverture-118x180.jpg 118w, https:\/\/www.frank-wiroth.lu\/michele-frank\/wp-content\/uploads\/2016\/07\/sarah-en-clair-obscur-couverture-197x300.jpg 197w, https:\/\/www.frank-wiroth.lu\/michele-frank\/wp-content\/uploads\/2016\/07\/sarah-en-clair-obscur-couverture-328x500.jpg 328w\" sizes=\"(max-width: 500px) 100vw, 500px\" \/><\/p>\n<p><\/div><div class=\"clear\"><\/div>\n<p>&nbsp;<\/p>\n<p><div class=\"divider\"><h5><span> Bande-annonce <\/span><\/h5><\/div><br \/>\n<iframe loading=\"lazy\" src=\"\/\/www.youtube-nocookie.com\/embed\/aXk7-MdY21k?rel=0\" width=\"635\" height=\"476\" frameborder=\"0\" allowfullscreen=\"allowfullscreen\"><\/iframe><\/p>\n<p>&nbsp;<\/p>\n<div class=\"divider\"><h5><span> Critique <\/span><\/h5><\/div>\n<p><a href=\"http:\/\/www.frank-wiroth.lu\/michele-frank\/wp-content\/uploads\/2016\/07\/sarah-en-clair-obscure-article-julio.jpg\"><img loading=\"lazy\" class=\"alignleft size-full wp-image-1109\" src=\"http:\/\/www.frank-wiroth.lu\/michele-frank\/wp-content\/uploads\/2016\/07\/sarah-en-clair-obscure-article-julio.jpg\" alt=\"Critique du roman Sarah en clair-obscur par Giulio-Enrico Pisani\" width=\"702\" height=\"1468\" srcset=\"https:\/\/www.frank-wiroth.lu\/michele-frank\/wp-content\/uploads\/2016\/07\/sarah-en-clair-obscure-article-julio.jpg 702w, https:\/\/www.frank-wiroth.lu\/michele-frank\/wp-content\/uploads\/2016\/07\/sarah-en-clair-obscure-article-julio-125x261.jpg 125w, https:\/\/www.frank-wiroth.lu\/michele-frank\/wp-content\/uploads\/2016\/07\/sarah-en-clair-obscure-article-julio-480x1004.jpg 480w, https:\/\/www.frank-wiroth.lu\/michele-frank\/wp-content\/uploads\/2016\/07\/sarah-en-clair-obscure-article-julio-250x523.jpg 250w, https:\/\/www.frank-wiroth.lu\/michele-frank\/wp-content\/uploads\/2016\/07\/sarah-en-clair-obscure-article-julio-550x1150.jpg 550w, https:\/\/www.frank-wiroth.lu\/michele-frank\/wp-content\/uploads\/2016\/07\/sarah-en-clair-obscure-article-julio-86x180.jpg 86w, https:\/\/www.frank-wiroth.lu\/michele-frank\/wp-content\/uploads\/2016\/07\/sarah-en-clair-obscure-article-julio-143x300.jpg 143w, https:\/\/www.frank-wiroth.lu\/michele-frank\/wp-content\/uploads\/2016\/07\/sarah-en-clair-obscure-article-julio-239x500.jpg 239w\" sizes=\"(max-width: 702px) 100vw, 702px\" \/><\/a><\/p>\n<p>&nbsp;<\/p>\n","protected":false},"excerpt":{"rendered":"<p>D\u00e9couvrez le nouveau roman de Mich\u00e8le Frank, publi\u00e9 en 2016 aux \u00e9ditions Edilivre &nbsp; &nbsp; [&hellip;]<\/p>\n","protected":false},"author":1,"featured_media":1089,"parent":506,"menu_order":0,"comment_status":"closed","ping_status":"closed","template":"template-full.php","meta":[],"_links":{"self":[{"href":"https:\/\/www.frank-wiroth.lu\/michele-frank\/wp-json\/wp\/v2\/pages\/1091"}],"collection":[{"href":"https:\/\/www.frank-wiroth.lu\/michele-frank\/wp-json\/wp\/v2\/pages"}],"about":[{"href":"https:\/\/www.frank-wiroth.lu\/michele-frank\/wp-json\/wp\/v2\/types\/page"}],"author":[{"embeddable":true,"href":"https:\/\/www.frank-wiroth.lu\/michele-frank\/wp-json\/wp\/v2\/users\/1"}],"replies":[{"embeddable":true,"href":"https:\/\/www.frank-wiroth.lu\/michele-frank\/wp-json\/wp\/v2\/comments?post=1091"}],"version-history":[{"count":11,"href":"https:\/\/www.frank-wiroth.lu\/michele-frank\/wp-json\/wp\/v2\/pages\/1091\/revisions"}],"predecessor-version":[{"id":1112,"href":"https:\/\/www.frank-wiroth.lu\/michele-frank\/wp-json\/wp\/v2\/pages\/1091\/revisions\/1112"}],"up":[{"embeddable":true,"href":"https:\/\/www.frank-wiroth.lu\/michele-frank\/wp-json\/wp\/v2\/pages\/506"}],"wp:featuredmedia":[{"embeddable":true,"href":"https:\/\/www.frank-wiroth.lu\/michele-frank\/wp-json\/wp\/v2\/media\/1089"}],"wp:attachment":[{"href":"https:\/\/www.frank-wiroth.lu\/michele-frank\/wp-json\/wp\/v2\/media?parent=1091"}],"curies":[{"name":"wp","href":"https:\/\/api.w.org\/{rel}","templated":true}]}}